{"id":686,"date":"2025-10-01T16:22:08","date_gmt":"2025-10-01T14:22:08","guid":{"rendered":"https:\/\/kondensteknik.se\/?page_id=686"},"modified":"2025-10-02T08:50:44","modified_gmt":"2025-10-02T06:50:44","slug":"kontakt","status":"publish","type":"page","link":"https:\/\/kondensteknik.se\/index.php\/kontakt\/","title":{"rendered":"Kontakt"},"content":{"rendered":"\n<p><strong>Kontakt<\/strong><\/p>\n\n\n\n<p><strong>Kondensteknik AB<\/strong><br>S\u00e4teriv\u00e4gen 26<br>66130 S\u00e4ffle<br>Kontor\/Verkstad<\/p>\n\n\n\n<p><strong>Telefon<br><\/strong><a href=\"tel:053317600\">0533-176 00<\/a><br><a href=\"tel:0706247594\">070-624 75 94<\/a><\/p>\n\n\n\n<hr class=\"wp-block-separator has-alpha-channel-opacity\"\/>\n\n\n\n<p><strong>Postadress<\/strong><br>Kondensteknik AB<br>S\u00e4teriv\u00e4gen 26<br>661 30 S\u00e4ffle<\/p>\n\n\n\n<p><strong>E-post:<\/strong><br><a href=\"mailto:info@kondensteknik.se\">info@kondensteknik.se<\/a><\/p>\n","protected":false},"excerpt":{"rendered":"<p>Kontakt Kondensteknik ABS\u00e4teriv\u00e4gen 2666130 S\u00e4ffleKontor\/Verkstad Telefon0533-176 00070-624 75 94 PostadressKondensteknik ABS\u00e4teriv\u00e4gen 26661 30 S\u00e4ffle E-post:info@kondensteknik.se<\/p>\n","protected":false},"author":1,"featured_media":0,"parent":0,"menu_order":0,"comment_status":"closed","ping_status":"closed","template":"","meta":{"footnotes":""},"class_list":["post-686","page","type-page","status-publish","hentry"],"_links":{"self":[{"href":"https:\/\/kondensteknik.se\/index.php\/wp-json\/wp\/v2\/pages\/686","targetHints":{"allow":["GET"]}}],"collection":[{"href":"https:\/\/kondensteknik.se\/index.php\/wp-json\/wp\/v2\/pages"}],"about":[{"href":"https:\/\/kondensteknik.se\/index.php\/wp-json\/wp\/v2\/types\/page"}],"author":[{"embeddable":true,"href":"https:\/\/kondensteknik.se\/index.php\/wp-json\/wp\/v2\/users\/1"}],"replies":[{"embeddable":true,"href":"https:\/\/kondensteknik.se\/index.php\/wp-json\/wp\/v2\/comments?post=686"}],"version-history":[{"count":1,"href":"https:\/\/kondensteknik.se\/index.php\/wp-json\/wp\/v2\/pages\/686\/revisions"}],"predecessor-version":[{"id":687,"href":"https:\/\/kondensteknik.se\/index.php\/wp-json\/wp\/v2\/pages\/686\/revisions\/687"}],"wp:attachment":[{"href":"https:\/\/kondensteknik.se\/index.php\/wp-json\/wp\/v2\/media?parent=686"}],"curies":[{"name":"wp","href":"https:\/\/api.w.org\/{rel}","templated":true}]}}