{"id":667,"date":"2025-10-01T15:54:04","date_gmt":"2025-10-01T13:54:04","guid":{"rendered":"https:\/\/kondensteknik.se\/?page_id=667"},"modified":"2025-10-02T08:56:24","modified_gmt":"2025-10-02T06:56:24","slug":"tjanster","status":"publish","type":"page","link":"https:\/\/kondensteknik.se\/index.php\/tjanster\/","title":{"rendered":"Tj\u00e4nster"},"content":{"rendered":"\n<p><strong>Kondensskyddsbehandling<\/strong><\/p>\n\n\n\n<p>Vi behandlar er byggnad med kondensskydd s\u00e5 ni slipper kondens och eventuella fuktskador. Vi utf\u00f6r \u00e4ven behandling av tidigare gammalt skydd som sl\u00e4ppt fiber eller m\u00f6glat.<\/p>\n\n\n\n<p><strong>M\u00f6gelsanering<\/strong><\/p>\n\n\n\n<p>Vid uppt\u00e4ckt av m\u00f6gel i en byggnad rekommenderas det att vidta \u00e5tg\u00e4rder omg\u00e5ende.<br>Vi utf\u00f6r m\u00f6gelsanering och s\u00e4krar din byggnad fr\u00e5n framtida kondens- och fuktskador.<\/p>\n\n\n\n<p><strong>Behovet av kondensskydd och ventilation<\/strong><\/p>\n\n\n\n<p>Det \u00e4r i allm\u00e4nhet om\u00f6jligt att konstruera en oisolerad byggnad s\u00e5 att kondensutf\u00e4llning ej sker. Fuktig luft \u00e4r l\u00e4ttare \u00e4n torr luft vid samma temperatur, vilket medf\u00f6r, n\u00e4r taket av n\u00e5gon anledning kyls ned, att det uppst\u00e5r kraftig kondensutf\u00e4llning. En behandling med Erfo Guard tar effektivt hand om kondensen. Den kondens som f\u00e4lls ut transporteras bort med l\u00e4mplig ventilation och lokalen \u00e4r s\u00e4krad fr\u00e5n kondensskador och eventuella fuktskador.<\/p>\n","protected":false},"excerpt":{"rendered":"<p>Kondensskyddsbehandling Vi behandlar er byggnad med kondensskydd s\u00e5 ni slipper kondens och eventuella fuktskador. Vi utf\u00f6r \u00e4ven behandling av tidigare gammalt skydd som sl\u00e4ppt fiber eller m\u00f6glat. M\u00f6gelsanering Vid uppt\u00e4ckt av m\u00f6gel i en byggnad rekommenderas det att vidta \u00e5tg\u00e4rder omg\u00e5ende.Vi utf\u00f6r m\u00f6gelsanering och s\u00e4krar din byggnad fr\u00e5n framtida kondens- och fuktskador. Behovet av kondensskydd [&hellip;]<\/p>\n","protected":false},"author":1,"featured_media":0,"parent":0,"menu_order":0,"comment_status":"closed","ping_status":"closed","template":"","meta":{"footnotes":""},"class_list":["post-667","page","type-page","status-publish","hentry"],"_links":{"self":[{"href":"https:\/\/kondensteknik.se\/index.php\/wp-json\/wp\/v2\/pages\/667","targetHints":{"allow":["GET"]}}],"collection":[{"href":"https:\/\/kondensteknik.se\/index.php\/wp-json\/wp\/v2\/pages"}],"about":[{"href":"https:\/\/kondensteknik.se\/index.php\/wp-json\/wp\/v2\/types\/page"}],"author":[{"embeddable":true,"href":"https:\/\/kondensteknik.se\/index.php\/wp-json\/wp\/v2\/users\/1"}],"replies":[{"embeddable":true,"href":"https:\/\/kondensteknik.se\/index.php\/wp-json\/wp\/v2\/comments?post=667"}],"version-history":[{"count":1,"href":"https:\/\/kondensteknik.se\/index.php\/wp-json\/wp\/v2\/pages\/667\/revisions"}],"predecessor-version":[{"id":668,"href":"https:\/\/kondensteknik.se\/index.php\/wp-json\/wp\/v2\/pages\/667\/revisions\/668"}],"wp:attachment":[{"href":"https:\/\/kondensteknik.se\/index.php\/wp-json\/wp\/v2\/media?parent=667"}],"curies":[{"name":"wp","href":"https:\/\/api.w.org\/{rel}","templated":true}]}}