{"id":506,"date":"2021-06-17T14:19:41","date_gmt":"2021-06-17T12:19:41","guid":{"rendered":"http:\/\/kondensteknik.se\/?page_id=506"},"modified":"2025-10-02T08:47:20","modified_gmt":"2025-10-02T06:47:20","slug":"fuktskador","status":"publish","type":"page","link":"https:\/\/kondensteknik.se\/index.php\/fuktskador\/","title":{"rendered":"Kondens och Fuktskador"},"content":{"rendered":"\n<h2 class=\"wp-block-heading\">Skydd mot kondens och fuktskador<\/h2>\n\n\n\n<p>Har ni kondens eller fuktskador i ert badrum, k\u00f6k eller k\u00e4llare?<br>Droppar det fr\u00e5n ert pl\u00e5ttak, sk\u00e4rmtak, lagerutrymmen eller djurstallar?<\/p>\n\n\n\n<p>Utan ett bra kondenskydd kan det snabbt bli allvarliga fuktskador. Vi har \u00f6ver 35-\u00e5rs erfarenhet av behandlingar mot kondens och fuktskador och \u00e4r ledande inom kondensskyddsbehandling med den nya generationens kondensmassa Erfo-Guard AC.<\/p>\n\n\n\n<p><a href=\"http:\/\/kondensteknik.se\/index.php\/kontakt\/\"><strong>Kontakta oss h\u00e4r<\/strong><\/a>  f\u00f6r att skydda eller \u00e5tg\u00e4rda era fastigheter mot kondens och fuktskador.<\/p>\n\n\n\n<p><\/p>\n\n\n\n<h2 class=\"wp-block-heading\">Om Fuktskador<\/h2>\n\n\n\n<p>Fukt i sig kan vara otrevligt men knappast skadligt, men fukt kan tyv\u00e4rr utvecklas till fuktskador som rost och m\u00f6gel. Fuktskador kan uppst\u00e5 flera olika s\u00e4tt. Kanske ett vattenr\u00f6r spricker, fuktskyddet i badrummet \u00e4r inte tillr\u00e4ckligt bra eller det regnar in genom taket. F\u00f6rutom verkliga vattenskador kan man \u00e4ven drabbas av fuktskador som skapas av kondens.<\/p>\n\n\n\n<p>Fuktskador kan drabba olika delar av huset, fukt i krypgrund, fukt i k\u00e4llaren, fukt i badrum, fukt i k\u00f6k och fukt p\u00e5 vinden. Fuktskador kan \u00e4ven uppst\u00e5 p\u00e5 grund av kondens eller vattenl\u00e4ckage i k\u00f6k och badrum. Man kan uppt\u00e4cka fuktskador p\u00e5 flera s\u00e4tt, det luktar ofta unket, missf\u00e4rgningar p\u00e5 golv och v\u00e4ggar eller genom l\u00e4ckage.<\/p>\n\n\n\n<h2 class=\"wp-block-heading\">Om Kondens<\/h2>\n\n\n\n<p>Under 70-talets energikris b\u00f6rjade vi i Sverige isolera m\u00e5nga byggnader f\u00f6r att spara energi. Man tog dock inte h\u00e4nsyn till kondensproblemen som uppst\u00e5r i slutna utrymmen. Kondens och fuktskador i villor och djurstallar har nu flera \u00e5r senare b\u00f6rjat bli ett stort problem.<\/p>\n\n\n\n<figure class=\"wp-block-image size-large\"><img loading=\"lazy\" decoding=\"async\" width=\"657\" height=\"438\" src=\"http:\/\/kondensteknik.se\/wp-content\/uploads\/2021\/06\/kondens-2.png\" alt=\"Kondens\" class=\"wp-image-500\" srcset=\"https:\/\/kondensteknik.se\/wp-content\/uploads\/2021\/06\/kondens-2.png 657w, https:\/\/kondensteknik.se\/wp-content\/uploads\/2021\/06\/kondens-2-300x200.png 300w\" sizes=\"auto, (max-width: 657px) 100vw, 657px\" \/><figcaption>Fuktskador fr\u00e5n kondens<\/figcaption><\/figure>\n\n\n\n<p><\/p>\n\n\n\n<h2 class=\"wp-block-heading\">Kondens och Fuktskador i badrum<\/h2>\n\n\n\n<p>\u00c4r t\u00e4tskiktet inte tillr\u00e4ckligt bra kan man f\u00e5 fuktskador i badrum. Fuktskador i badrummets golv, tak och v\u00e4ggar \u00e4r d\u00e5 vanligt. Duschar du direkt p\u00e5 golvet idag \u00e4r det viktigt att b\u00e5de golv och brunn \u00e4r korrekt installerat f\u00f6r att f\u00f6rhindra fuktskador i badrummets golv. Du kan \u00e4ven f\u00e5 fuktskador i badrum av kondens som bildas vid dusch och bad. Kondens i badrum \u00e4r inget man kommer ifr\u00e5n och d\u00e4rf\u00f6r \u00e4r det viktigt att man har korrekt kondenskydd och t\u00e4tskikt.<\/p>\n\n\n\n<div class=\"wp-block-columns is-layout-flex wp-container-core-columns-is-layout-28f84493 wp-block-columns-is-layout-flex\">\n<div class=\"wp-block-column is-layout-flow wp-block-column-is-layout-flow\" style=\"flex-basis:66.66%\">\n<h3 class=\"wp-block-heading\">Undvika fuktskador i badrummet<\/h3>\n\n\n\n<p>F\u00f6r att undvika fuktskador i badrummet \u00e4r det viktigt att man bygger och renoverar badrummet efter Byggkeramikr\u00e5dets branschregler f\u00f6r utf\u00f6rande av arbeten med vattent\u00e4ta keramiska v\u00e4ggbekl\u00e4dnader och golvbel\u00e4ggningar i v\u00e5tutrymmen. &nbsp;<\/p>\n<\/div>\n\n\n\n<div class=\"wp-block-column is-layout-flow wp-block-column-is-layout-flow\" style=\"flex-basis:33.33%\">\n<figure class=\"wp-block-image size-large is-resized\"><img loading=\"lazy\" decoding=\"async\" src=\"http:\/\/kondensteknik.se\/wp-content\/uploads\/2021\/07\/fuktskador-badrum.png\" alt=\"Fuktskador badrum\" class=\"wp-image-537\" width=\"198\" height=\"143\"\/><figcaption>Fuktskador i badrum<\/figcaption><\/figure>\n<\/div>\n<\/div>\n\n\n\n<h2 class=\"wp-block-heading\">Kondens eller Fuktskador i K\u00f6k<\/h2>\n\n\n\n<p>Fuktskador i k\u00f6k \u00e4r mycket vanligt d\u00e5 en stor andel av alla vattenskador i hus intr\u00e4ffar i just k\u00f6ket. R\u00f6r som l\u00e4cker, diskmaskiner som g\u00e5r s\u00f6nder, slangar och f\u00e4sten som inte \u00e4r ordentligt fastsatta, slabb och spill av v\u00e4tskor p\u00e5 k\u00f6ksgolvet mm. Det bildas ocks\u00e5 mycket kondens i k\u00f6ket vid matlagning p\u00e5 spisen eller i ugnen. <\/p>\n\n\n\n<div class=\"wp-block-columns is-layout-flex wp-container-core-columns-is-layout-28f84493 wp-block-columns-is-layout-flex\">\n<div class=\"wp-block-column is-layout-flow wp-block-column-is-layout-flow\" style=\"flex-basis:66.66%\">\n<h3 class=\"wp-block-heading\">Undvika fuktskador i k\u00f6k<\/h3>\n\n\n\n<p>F\u00f6r att undvika fuktskador i k\u00f6k s\u00e5 det \u00e4r viktigt med bra ventilation och fuktskydd. Se till att han en fungerande fl\u00e4kt ovanf\u00f6r spisen och se till att anv\u00e4nda den n\u00e4r du lagar mat. F\u00f6r att se om diskmaskinen eller n\u00e5got r\u00f6r l\u00e4cker, som kan orsaka fuktskador i k\u00f6k, \u00e4r det bra att ha ett plastskydd under diskmaskinen.<\/p>\n<\/div>\n\n\n\n<div class=\"wp-block-column is-layout-flow wp-block-column-is-layout-flow\" style=\"flex-basis:33.33%\">\n<figure class=\"wp-block-image size-large is-resized\"><img loading=\"lazy\" decoding=\"async\" src=\"http:\/\/kondensteknik.se\/wp-content\/uploads\/2021\/07\/fuktskador-kok.png\" alt=\"Fuktskador k\u00f6k\" class=\"wp-image-538\" width=\"218\" height=\"150\" srcset=\"https:\/\/kondensteknik.se\/wp-content\/uploads\/2021\/07\/fuktskador-kok.png 319w, https:\/\/kondensteknik.se\/wp-content\/uploads\/2021\/07\/fuktskador-kok-300x208.png 300w\" sizes=\"auto, (max-width: 218px) 100vw, 218px\" \/><figcaption>Fuktskador i k\u00f6k<\/figcaption><\/figure>\n<\/div>\n<\/div>\n\n\n\n<figure class=\"wp-block-image size-large\"><img loading=\"lazy\" decoding=\"async\" width=\"645\" height=\"395\" src=\"http:\/\/kondensteknik.se\/wp-content\/uploads\/2021\/06\/fuktskador-skydd-2.png\" alt=\"Fuktskador\" class=\"wp-image-502\" srcset=\"https:\/\/kondensteknik.se\/wp-content\/uploads\/2021\/06\/fuktskador-skydd-2.png 645w, https:\/\/kondensteknik.se\/wp-content\/uploads\/2021\/06\/fuktskador-skydd-2-300x184.png 300w\" sizes=\"auto, (max-width: 645px) 100vw, 645px\" \/><figcaption>Fuktskador Tak<\/figcaption><\/figure>\n\n\n\n<h2 class=\"wp-block-heading\">Kondens och Fuktskador i lagerlokal<\/h2>\n\n\n\n<p>Kondens och fuktskador i lagerlokaler och lagerbyggnader \u00e4r vanligt. Byggnader med tak men inga v\u00e4ggar som bensinmackar eller lager- och f\u00f6rvaringsplatser f\u00f6r byggmaterial \u00e4r ocks\u00e5 h\u00e5rt utsatta f\u00f6r kondens och fuktskador.<\/p>\n\n\n\n<h3 class=\"wp-block-heading\">F\u00f6rhinda fuktskador i lagerlokal<\/h3>\n\n\n\n<p>Fuktskador i lagerlokal och byggnader kan till stor del f\u00f6rhindras av ett bra kondenskydd.<br>Kondenstekniks kondensskyddsmassa \u00e4r ett bra skydd mot fuktskador och kondens i lagerlokal.<\/p>\n\n\n\n<h2 class=\"wp-block-heading\">Fuktskador och kondens i krypgrund<\/h2>\n\n\n\n<p>Fuktskador i krypgrund \u00e4r r\u00e4tt vanligt och kan uppst\u00e5 n\u00e4r vatten och kondens kommer in i husets krypgrund. F\u00f6r att undvika kondens och fuktskador i krypgrund m\u00e5ste det vara god ventilation eller att man t\u00e4tar krypgrunden och installerar avfuktare.<\/p>\n\n\n\n<h2 class=\"wp-block-heading\">Kondens och Fuktskador p\u00e5 vinden<\/h2>\n\n\n\n<p>Kondens och fukt p\u00e5 vinden kan l\u00e4tt orsaka fuktskador i form av m\u00f6gel och r\u00f6ta. Det s\u00e4tter sig i tr\u00e4 och isolering som finns p\u00e5 vinden. Fuktskador p\u00e5 vinden kan uppst\u00e5 om det kommer in vatten eller f\u00f6r mycket fuktig luft som bildar kondens. Har du en lucka upp till vinden s\u00e5 se till att den \u00e4r ordentligt t\u00e4tad s\u00e5 inte fuktig luft tr\u00e4nger in fr\u00e5n huset. Det kan ocks\u00e5 komma fukt utifr\u00e5n in till vinden genom ett f\u00f6nster eller ett tak som inte \u00e4r tillr\u00e4ckligt t\u00e4tat. Fuktskador p\u00e5 vinden kan uppst\u00e5 f\u00f6r att ventilationen i huset \u00e4r felaktig. Det g\u00f6r att fukt tr\u00e4nger igenom upp och kondenserar p\u00e5 vinden.<\/p>\n\n\n\n<h2 class=\"wp-block-heading\">Kondens och Fuktskador i k\u00e4llare<\/h2>\n\n\n\n<p>Kondens och fuktskador i k\u00e4llaren \u00e4r n\u00e5got m\u00e5nga hus\u00e4gare r\u00e5kar ut f\u00f6r. Eftersom k\u00e4llaren ligger under jord s\u00e5 finns det alltid fukt utanf\u00f6r g\u00e4rna vill tr\u00e4nga igenom. Fuktskador i k\u00e4llare kan exemplevis orsakas av regnvatten eller h\u00f6gt grundvatten som inte dunstar bort eller dr\u00e4neras ordentligt eller fuktig luft som tr\u00e4nger sig in och bildra kondens i k\u00e4llaren. En k\u00e4llare luktar ofta som en k\u00e4llare just p\u00e5 grund av att det finns kondens vilket i sin tur orsakar fuktskador i k\u00e4llare, ofta i form av m\u00f6gel.<\/p>\n\n\n\n<div class=\"wp-block-columns is-layout-flex wp-container-core-columns-is-layout-28f84493 wp-block-columns-is-layout-flex\">\n<div class=\"wp-block-column is-layout-flow wp-block-column-is-layout-flow\" style=\"flex-basis:66.66%\">\n<h3 class=\"wp-block-heading\">Undvika fuktskador i k\u00e4llare<\/h3>\n\n\n\n<p>F\u00f6r att slippa fuktskador i k\u00e4llare, se till at ha en bra ventilation och fukt- och kondensskydda v\u00e4ggar och golv. Se till att inga tr\u00e4reglar kommer i kontakt med fuktiga ytor. F\u00f6rs\u00f6k ha en j\u00e4mn och bra temperatur i k\u00e4llaren, varken f\u00f6r varmt eller f\u00f6r kallt.  Har du tv\u00e4ttmaskin och torktumlare s\u00e5 se till kondensen fr\u00e5n tumlaren tas om hand p\u00e5 ett riktigt s\u00e4tt.<\/p>\n<\/div>\n\n\n\n<div class=\"wp-block-column is-layout-flow wp-block-column-is-layout-flow\" style=\"flex-basis:33.33%\">\n<figure class=\"wp-block-image size-large is-resized\"><img loading=\"lazy\" decoding=\"async\" src=\"http:\/\/kondensteknik.se\/wp-content\/uploads\/2021\/07\/fuktskador-kallare.png\" alt=\"Fuktskador K\u00e4llare\" class=\"wp-image-536\" width=\"207\" height=\"136\"\/><figcaption>Fuktskador i k\u00e4llare<\/figcaption><\/figure>\n<\/div>\n<\/div>\n\n\n\n<h2 class=\"wp-block-heading\">M\u00f6gel<\/h2>\n\n\n\n<p>Som m\u00e5nga k\u00e4nner till s\u00e5 trivs m\u00f6gel utm\u00e4rkt i varma fuktiga utrymmen. Finns det kondens s\u00e5 \u00e4r det bra odlingsplatser f\u00f6r m\u00f6gelsporer. M\u00f6gel \u00e4r att ett samlingsnamn f\u00f6r mikrobiologiska svampar och de sprids genom sporer. Vissa m\u00f6gelsorter \u00e4r giftiga och farliga f\u00f6r b\u00e5de m\u00e4nniskor och djur. Det finns rapporter om m\u00f6gelskadade hus d\u00e4r hela familjer insjuknat.<br>En fuktskada som orsakar m\u00f6gel kan allts\u00e5 st\u00e4lla till med en hel del problem b\u00e5de f\u00f6r h\u00e4lsan och huset.<\/p>\n\n\n\n<h2 class=\"wp-block-heading\">F\u00f6rhindra och \u00e5tg\u00e4rda fuktskador<\/h2>\n\n\n\n<p>F\u00f6r att f\u00f6rhindra att fuktskador uppst\u00e5r i form av kondens kan Kondensteknik behandla byggnaden med kondensskyddsmassa. En behandling med Erfo Guard tar effektivt hand om kondenssituationen. Den kondens som f\u00e4lls ut transporteras bort med l\u00e4mplig ventilation och lokalen \u00e4r s\u00e4krad fr\u00e5n kondensskador. Kondensteknik kan hj\u00e4lpa till med m\u00f6gelsanering och sedan behandla Erfo Guard.<\/p>\n\n\n\n<figure class=\"wp-block-image size-large is-resized\"><img loading=\"lazy\" decoding=\"async\" src=\"http:\/\/kondensteknik.se\/wp-content\/uploads\/2021\/06\/skydd-fuktskador-1.png\" alt=\"Skydd mot fuktskador\" class=\"wp-image-503\" width=\"663\" height=\"431\" srcset=\"https:\/\/kondensteknik.se\/wp-content\/uploads\/2021\/06\/skydd-fuktskador-1.png 605w, https:\/\/kondensteknik.se\/wp-content\/uploads\/2021\/06\/skydd-fuktskador-1-300x195.png 300w\" sizes=\"auto, (max-width: 663px) 100vw, 663px\" \/><figcaption>Skydd mot kondens<\/figcaption><\/figure>\n\n\n\n<p><a href=\"https:\/\/kondensteknik.se\/index.php\/kondens-uppkomst-och-skadeverkningar\/\">Mer om kondens h\u00e4r<\/a><\/p>\n\n\n\n<p><\/p>\n","protected":false},"excerpt":{"rendered":"<p>Skydd mot kondens och fuktskador Har ni kondens eller fuktskador i ert badrum, k\u00f6k eller k\u00e4llare?Droppar det fr\u00e5n ert pl\u00e5ttak, sk\u00e4rmtak, lagerutrymmen eller djurstallar? Utan ett bra kondenskydd kan det snabbt bli allvarliga fuktskador. Vi har \u00f6ver 35-\u00e5rs erfarenhet av behandlingar mot kondens och fuktskador och \u00e4r ledande inom kondensskyddsbehandling med den nya generationens kondensmassa [&hellip;]<\/p>\n","protected":false},"author":1,"featured_media":0,"parent":0,"menu_order":0,"comment_status":"closed","ping_status":"closed","template":"","meta":{"footnotes":""},"class_list":["post-506","page","type-page","status-publish","hentry"],"_links":{"self":[{"href":"https:\/\/kondensteknik.se\/index.php\/wp-json\/wp\/v2\/pages\/506","targetHints":{"allow":["GET"]}}],"collection":[{"href":"https:\/\/kondensteknik.se\/index.php\/wp-json\/wp\/v2\/pages"}],"about":[{"href":"https:\/\/kondensteknik.se\/index.php\/wp-json\/wp\/v2\/types\/page"}],"author":[{"embeddable":true,"href":"https:\/\/kondensteknik.se\/index.php\/wp-json\/wp\/v2\/users\/1"}],"replies":[{"embeddable":true,"href":"https:\/\/kondensteknik.se\/index.php\/wp-json\/wp\/v2\/comments?post=506"}],"version-history":[{"count":21,"href":"https:\/\/kondensteknik.se\/index.php\/wp-json\/wp\/v2\/pages\/506\/revisions"}],"predecessor-version":[{"id":698,"href":"https:\/\/kondensteknik.se\/index.php\/wp-json\/wp\/v2\/pages\/506\/revisions\/698"}],"wp:attachment":[{"href":"https:\/\/kondensteknik.se\/index.php\/wp-json\/wp\/v2\/media?parent=506"}],"curies":[{"name":"wp","href":"https:\/\/api.w.org\/{rel}","templated":true}]}}