{"id":19,"date":"2017-02-14T16:38:08","date_gmt":"2017-02-14T15:38:08","guid":{"rendered":"http:\/\/kondensteknik.se\/?page_id=19"},"modified":"2026-01-30T10:11:23","modified_gmt":"2026-01-30T09:11:23","slug":"startsida","status":"publish","type":"page","link":"https:\/\/kondensteknik.se\/","title":{"rendered":"Startsida"},"content":{"rendered":"<p style=\"text-align: center;\"><img loading=\"lazy\" decoding=\"async\" class=\"size-large wp-image-234 aligncenter\" src=\"http:\/\/kondensteknik.se\/wp-content\/uploads\/2017\/02\/Untitled-2-1-1024x529.png\" alt=\"\" width=\"640\" height=\"331\" srcset=\"https:\/\/kondensteknik.se\/wp-content\/uploads\/2017\/02\/Untitled-2-1-1024x529.png 1024w, https:\/\/kondensteknik.se\/wp-content\/uploads\/2017\/02\/Untitled-2-1-300x155.png 300w, https:\/\/kondensteknik.se\/wp-content\/uploads\/2017\/02\/Untitled-2-1-768x397.png 768w\" sizes=\"auto, (max-width: 640px) 100vw, 640px\" \/><\/p>\n<h1 style=\"text-align: center;\">Skydd mot kondens och fuktskador<\/h1>\n<p style=\"text-align: center;\">\nDroppar det fr\u00e5n ert pl\u00e5ttak, sk\u00e4rmtak, lagerutrymmen eller djurstallar?<br \/>\nHar ni kondens eller fukt i ert skyddsrum, torkrum, tv\u00e4ttstuga och\/eller k\u00e4llare?<br \/>\nD\u00e5 har vi <em>l\u00f6sningen<\/em>.<br \/>\nUtan ett bra kondenskydd kan det snabbt bli fuktskador. V\u00e5rt f\u00f6retag \u00e4r ledande inom kondensskyddsbehandling med den nya generationens kondensmassa Erfo-Guard AC, f\u00f6r en effektiv och ekonomisk behandling mot kondens och fuktskador. Dessutom har vi \u00f6ver 35 \u00e5rs erfarenhet av behandlingar mot kondens och fuktskador.<\/p>\n<p style=\"text-align: center;\"><a href=\"http:\/\/kondensteknik.se\/index.php\/kontakt\/\"><strong>Kontakta oss direkt<\/strong><\/a>, f\u00f6r en utv\u00e4rdering av hur just era fastigheter kan behandlas och skyddas mot kondens och fuktskador.<\/p>\n<h3><span style=\"color: #006aae;\"><strong>Vad \u00e4r A\/C anticondens?<\/strong><\/span><\/h3>\n<p>A\/C anticondens \u00e4r en brandresistent kondensskyddsmassa med i m\u00e5nga avseenden unika egenskaper. Massan \u00e4r en vidareutveckling av v\u00e5r tidigare v\u00e4lk\u00e4nda kondensskyddsmassa, och ger \u00e4nnu b\u00e4ttre skydd \u00e4n tidigare mot kondens och fuktskador.<\/p>\n<p>Eftersom A\/C anticondens suger upp kondensen och l\u00e5ter den avdunsta snabbt s\u00e5 f\u00e5r man inte problem med avrinningar vid reglar, \u00e5sar eller dylikt, d\u00e4rf\u00f6r kan A\/C anticondensbehandlad pl\u00e5t l\u00e4ggas direkt p\u00e5 tr\u00e4reglar utan att man f\u00e5r problem med r\u00f6ta. Massan kan anv\u00e4ndas \u00f6verallt d\u00e4r det finns problem med kondens. Det finns ocks\u00e5 en speciell massa med extra m\u00f6gelskydd f\u00f6r utrymmen d\u00e4r det kr\u00e4vs, A\/C-plus.<\/p>\n<p>A\/C anticondens \u00e4r \u00e4ven mycket l\u00e4mpligt till djurstallar, till skillnad mot andra kondensskydd som har en ben\u00e4genhet att sl\u00e4ppa av ammoniak\u00e5ngorna.<\/p>\n<p>A\/C anticondensmassa sprutas p\u00e5 med h\u00f6gtrycksspruta men kan ocks\u00e5 p\u00e5f\u00f6ras med pensel. De flesta typer av tak och v\u00e4ggar kan behandlas. Ytor som \u00e4r behandlade med ett gammalt kondensskydd kan nybehandlas efter avtv\u00e4ttning eller behandling med Erfo Guard Sealer.<\/p>\n<h3><span style=\"color: #006aae;\"><strong>F\u00f6rdelar med A\/C anticondens<\/strong><\/span><\/h3>\n<p>Att anv\u00e4nda A\/C anticondensmassa \u00e4r ekonomiskt eftersom det j\u00e4mf\u00f6rt med andra kondensskydd kr\u00e4vs mindre m\u00e4ngd massa per kvadratmeter f\u00f6r samma eller b\u00e4ttre skydd.<\/p>\n<p>Den \u00e4r milj\u00f6v\u00e4nlig d\u00e5 den inte inneh\u00e5ller n\u00e5gra farliga l\u00f6sningsmedel.<\/p>\n<p>Den \u00e4r brands\u00e4ker enligt nya, h\u00e5rt st\u00e4llda krav f\u00f6r anv\u00e4ndning p\u00e5 till exempel offshore-installationer.<\/p>\n<h3><span style=\"color: #006aae;\"><strong> Var passar A\/C anticoncens b\u00e4st?<\/strong><\/span><\/h3>\n<p>A\/C anticondens anv\u00e4nds som kondensskyddande bel\u00e4ggning framf\u00f6rallt i oisolerade byggnaders innertak och v\u00e4ggar i exempelvis:<\/p>\n<ul>\n<li><span style=\"color: #006aae;\">Lagerlokaler<\/span><\/li>\n<li><span style=\"color: #006aae;\">K\u00e4llare<\/span><\/li>\n<li><span style=\"color: #006aae;\">Tunnlar<\/span><\/li>\n<li><span style=\"color: #006aae;\">Terminaler<\/span><\/li>\n<li><span style=\"color: #006aae;\">Hangarer<\/span><\/li>\n<li><span style=\"color: #006aae;\">Lantbruksbyggnader<\/span><\/li>\n<li><span style=\"color: #006aae;\">Garage<\/span><\/li>\n<li><span style=\"color: #006aae;\">Torkrum<\/span><\/li>\n<li><span style=\"color: #006aae;\">Tv\u00e4ttstugor<\/span><\/li>\n<li><span style=\"color: #006aae;\">Badrum<\/span><\/li>\n<li><span style=\"color: #006aae;\">K\u00f6k<\/span><\/li>\n<li><span style=\"color: #006aae;\">B\u00e5thallar<\/span><\/li>\n<li><span style=\"color: #006aae;\">Fartyg<\/span><\/li>\n<li><span style=\"color: #006aae;\">J\u00e4rnv\u00e4gsvagnar<\/span><\/li>\n<li><span style=\"color: #006aae;\">Containers<\/span><\/li>\n<li><span style=\"color: #006aae;\">Sk\u00e4rmtak<\/span><\/li>\n<li><span style=\"color: #006aae;\">El-utrymmen<\/span><\/li>\n<li><span style=\"color: #006aae;\">Bergrum<\/span><\/li>\n<li><span style=\"color: #006aae;\">Ishallar<\/span><\/li>\n<li><span style=\"color: #006aae;\">Ridhus<\/span><\/li>\n<li><span style=\"color: #006aae;\">Tunnlar<\/span><\/li>\n<li><span style=\"color: #006aae;\">F\u00f6rst\u00e4rkarstationer f\u00f6r bredband<\/span><\/li>\n<li><span style=\"color: #006aae;\">P\u00e5 duk av olika typer<\/span><\/li>\n<\/ul>\n<p>Anticondens \u00e4r uppbyggd p\u00e5 ett helt annat s\u00e4tt. Den har ett bindemedel samt pigment och diverse tillsatser. Men \u00e4r uppbyggd runt en extender som med en speciell tillverkningsteknik f\u00e5r helt unika egenskaper. Denna extender som \u00e4r en kombination av vulkanisk mineral genomg\u00e5r en v\u00e4rmebehandling och expansion vid ca 1200C. D\u00e4rvid blir produkten mycket por\u00f6s samt f\u00e5r en volymvikt p\u00e5 endast ca 12 kg\/m3. Anticondens best\u00e5r till ca 80 volym% av denna produkt.<\/p>\n<p>Den stora volym som best\u00e5r av dels slutna, dels \u00f6ppna celler samt en h\u00f6g porighet ger en yta som \u00e4r m\u00e5nga tusen g\u00e5nger st\u00f6rre \u00e4n den yta vi j\u00e4mf\u00f6r med. Vi har i Anticondens en tredje dimension, ett cellsystem som vi behandlat med en vattenol\u00f6slig fungicide.<\/p>\n<h3><span style=\"color: #006aae;\"><strong>Anv\u00e4ndningsomr\u00e5de<\/strong><\/span><\/h3>\n<p>Som kondensskydd har Anticondens i \u00f6ver 30 \u00e5r bevisat att den \u00e4r helt \u00f6verl\u00e4gsen andra produkter p\u00e5 marknaden. N\u00e4r det h\u00e5ller livsl\u00e4ngd med bibeh\u00e5llen funktion, s\u00e5 har vi ingen motsvarighet.<\/p>\n<p>Effekt mot kondens, se under Artiklar!<\/p>\n<h3><span style=\"color: #006aae;\"><strong>Ljudd\u00e4mpande effekt<\/strong><\/span><\/h3>\n<p>Den stora specifika ytan ger ljudabsorberande egenskaper s\u00e5 som i kombination med vibrationsd\u00e4mpande f\u00f6rm\u00e5ga ger en p\u00e5taglig bullerminskning i ett flertal lokaler. Vibrationer vid bl\u00e5st, regn och hagel minskas dramatiskt.<\/p>\n<p>F\u00f6rlustfaktor: Vid 1,5 mm Anticondens applicerad p\u00e5 aluminiumpl\u00e5t = 0,106.<br \/>\n(I praktiken, som om ljudk\u00e4llan flyttas 100 meter bort)<\/p>\n<h3><span style=\"color: #006aae;\"><strong>Skydd mot fuktskador, m\u00f6gel och r\u00f6ta<\/strong><\/span><\/h3>\n<p>Anticondens har under m\u00e5nga \u00e5r visat sig ha en ov\u00e4ntat stor motst\u00e5ndskraft mot fuktskador som m\u00f6gel\/r\u00f6ta i alla dess former. D\u00e5 ett mycket stort arbete lades ned p\u00e5 att finna de absolut b\u00e4sta kombinationer av fungicide\/bactericide var ett gott resultat att v\u00e4nta. Men, b\u00e5de accelererande labf\u00f6rs\u00f6k samt praktiska resultat har visat en resistens mot m\u00f6gel\/r\u00f6ta som \u00f6vertr\u00e4ffar alla f\u00f6rv\u00e4ntningar. Detta har sin f\u00f6rklaring i sj\u00e4lva uppbyggnaden av Anticondens.<\/p>\n<p>En vanlig f\u00e4rg eller en f\u00e4rg speciellt framtagen som m\u00f6gel\/r\u00f6tskyddande har som inneh\u00e5ll:<br \/>\nBindemedel: Att s\u00e4kra vidh\u00e4ftning mot underlaget samt att binda samman de komponenter som ing\u00e5r.<br \/>\nPigment: Att kunna tillverkas i olika kul\u00f6rer.<br \/>\nFyllmedel\/Extender: Kombinationer av olika fyllmedel\/extender f\u00f6r att ex. \u00f6ka slitstyrka samt en ev. kostnadsbesparande funktion m.m.<br \/>\nAktiv fungicide ev komination med en bactericide.<\/p>\n<h3><span style=\"color: #006aae;\"><strong>Diverse tillsatser.<\/strong><\/span><\/h3>\n<p>Denna vanliga komposition fungerar i allm\u00e4nhet bra, och andra mindre bra. Vi f\u00f6rs\u00e4tter att betrakta f\u00e4rgen som vad den \u00e4r, en f\u00e4rg. Efter att den p\u00e5f\u00f6rts och torkat har den bildat en film, en yta som inneh\u00e5ller en kombination av de ing\u00e5ende komponenterna som n\u00e4mnts enligt ovan. Denna f\u00e4rgs yta inneh\u00e5ller allts\u00e5 de aktiva m\u00f6gelskyddande komponenterna v\u00e4l bundna tillsammans med de \u00f6vriga.<\/p>\n<p>Allts\u00e5, verkande p\u00e5 en v\u00e4l best\u00e4md yta.<\/p>\n<h3><span style=\"color: #006aae;\"><strong>Brandskydd<\/strong><\/span><\/h3>\n<p>Underh\u00e5ller ej brand och avger inga br\u00e4nnbara gaser. Brandklassad enl. BR 4 klass 1.<br \/>\nV\u00e4rmeisolering<\/p>\n<p>Fyllnadsmedlen i Anticondens har mycket god isolerande effekt. Eftersom produkten har sitt st\u00f6rsta anv\u00e4ndningsomr\u00e5de som kondensskydd av pl\u00e5ttak \u00e4r egenskapen s\u00e4rskilt v\u00e4rdefull under heta sommardagar. Anticondens anv\u00e4nds som skydd mot br\u00e4nnskador i viss industri.<br \/>\nV\u00e4rmeledningsf\u00f6rm\u00e5ga: 0,0735 kcal\/m.h. C. (0,0850 W\/m.K)<br \/>\n(Termisk isoleringsf\u00f6rm\u00e5ga likv\u00e4rdig med ren kork.)<\/p>\n<h3><span style=\"color: #006aae;\"><strong>Korrisionskydd<\/strong><\/span><\/h3>\n<p>De isolerande och absorberande egenskaperna ger ett indirekt rostskydd. Vatten f\u00f6rhindras ligga kvar i droppform. Tack vare den stora specifika ytan avdunstar uppsamlat vatten mycket snabbt och \u00e4r redo f\u00f6r ny kondens. Den underliggande ytan uts\u00e4ttes ej f\u00f6r l\u00e5nga korrosionsperioder.<\/p>\n<p>F\u00f6rklaringen p\u00e5 de unika egenskaperna hos Anticondens \u00e4r den inre ytan som l\u00e5ter de aktiva m\u00f6gelskyddnade komponenterna exponeras \u00f6ver en oerh\u00f6rt stor yta samt de fuktreducerande \/ isolerande egenskaperna hos Anticondens.<br \/>\nDenna effekt \u00e4r f\u00f6rst\u00e4rkt i v\u00e5rt system f\u00f6r m\u00f6gelsanering och har till\u00e4get Anticondens Plus. H\u00e4r ing\u00e5r \u00e4ven m\u00f6geltv\u00e4tt samt diverse sealers.<\/p>\n","protected":false},"excerpt":{"rendered":"<p>Skydd mot kondens och fuktskador Droppar det fr\u00e5n ert pl\u00e5ttak, sk\u00e4rmtak, lagerutrymmen eller djurstallar? Har ni kondens eller fukt i ert skyddsrum, torkrum, tv\u00e4ttstuga och\/eller k\u00e4llare? D\u00e5 har vi l\u00f6sningen. Utan ett bra kondenskydd kan det snabbt bli fuktskador. V\u00e5rt f\u00f6retag \u00e4r ledande inom kondensskyddsbehandling med den nya generationens kondensmassa Erfo-Guard AC, f\u00f6r en effektiv [&hellip;]<\/p>\n","protected":false},"author":1,"featured_media":0,"parent":0,"menu_order":0,"comment_status":"closed","ping_status":"closed","template":"","meta":{"footnotes":""},"class_list":["post-19","page","type-page","status-publish","hentry"],"_links":{"self":[{"href":"https:\/\/kondensteknik.se\/index.php\/wp-json\/wp\/v2\/pages\/19","targetHints":{"allow":["GET"]}}],"collection":[{"href":"https:\/\/kondensteknik.se\/index.php\/wp-json\/wp\/v2\/pages"}],"about":[{"href":"https:\/\/kondensteknik.se\/index.php\/wp-json\/wp\/v2\/types\/page"}],"author":[{"embeddable":true,"href":"https:\/\/kondensteknik.se\/index.php\/wp-json\/wp\/v2\/users\/1"}],"replies":[{"embeddable":true,"href":"https:\/\/kondensteknik.se\/index.php\/wp-json\/wp\/v2\/comments?post=19"}],"version-history":[{"count":38,"href":"https:\/\/kondensteknik.se\/index.php\/wp-json\/wp\/v2\/pages\/19\/revisions"}],"predecessor-version":[{"id":654,"href":"https:\/\/kondensteknik.se\/index.php\/wp-json\/wp\/v2\/pages\/19\/revisions\/654"}],"wp:attachment":[{"href":"https:\/\/kondensteknik.se\/index.php\/wp-json\/wp\/v2\/media?parent=19"}],"curies":[{"name":"wp","href":"https:\/\/api.w.org\/{rel}","templated":true}]}}